{"id":230,"date":"2022-09-17T08:19:02","date_gmt":"2022-09-17T08:19:02","guid":{"rendered":"https:\/\/fv-plittersdorf.de\/?page_id=230"},"modified":"2022-09-23T21:27:40","modified_gmt":"2022-09-23T21:27:40","slug":"grusswort-des-vorsitzenden","status":"publish","type":"page","link":"https:\/\/fv-plittersdorf.de\/index.php\/start\/grusswort-des-vorsitzenden\/","title":{"rendered":"Gru\u00dfwort des Vorsitzenden"},"content":{"rendered":"\n<p><strong>Liebe Freunde des runden Leders,<\/strong><br><strong>liebe Vereinsmitglieder und Fans unseres FVP,<\/strong><\/p>\n\n\n\n<p class=\"has-black-color has-text-color\">sch\u00f6n, dass Sie auf ihrer Reise durchs World Wide Web auch den Weg zu unserer Vereinshomepage gefunden haben. Auf den folgenden Seiten wollen wir den FV Germania Plittersdorf der \u00d6ffentlichkeit ein wenig n\u00e4her vorstellen.<\/p>\n\n\n\n<p class=\"has-black-color has-text-color\">Unser Verein blickt inzwischen auf eine \u00fcber 90-j\u00e4hrige Geschichte zur\u00fcck. Gepr\u00e4gt durch sportliche H\u00f6hen und Tiefen pr\u00e4sentiert sich der FV Plittersdorf heute als dynamischer und innovativer Verein mit mehr als 400 Mitgliedern. Davon sind mehr als ein Viertel Jugendliche, die in unseren Nachwuchsteams dem Ball nachjagen. Darauf sind wir besonders stolz, denn die Jugend ist die sportliche Zukunft unseres Vereins.<\/p>\n\n\n\n<p class=\"has-black-color has-text-color\">Ob Zukunft, Gegenwart oder Vergangenheit \u2013 auf unserer Homepage finden Sie alle Informationen rund um den FVP! Tabellen, Ergebnisse, Spielberichte, Bilder und vieles mehr \u2013 auch f\u00fcr ihre Interessen ist mit Sicherheit das Richtige dabei.<\/p>\n\n\n\n<p class=\"has-black-color has-text-color\">In diesem Sinne w\u00fcnsche ich Ihnen viel Spa\u00df beim Surfen auf unserer Seite und w\u00fcrde mich freuen Sie in Zukunft des \u00d6fteren hier \u2013 oder auch live bei unseren Spielen und Vereinsveranstaltungen \u2013 begr\u00fc\u00dfen zu d\u00fcrfen.<\/p>\n\n\n\n<p>Mit sportlichen Gr\u00fc\u00dfen<\/p>\n\n\n\n<p><em>Ihr Daniel Scharer<br>(1. Vorsitzender FV Germania Plittersdorf e.V.)<\/em><\/p>\n\n\n<div class=\"wp-block-image\">\n<figure class=\"aligncenter size-medium\"><a href=\"https:\/\/fv-plittersdorf.de\/wp-content\/uploads\/2022\/09\/Scharer-D.jpg\"><img loading=\"lazy\" decoding=\"async\" width=\"200\" height=\"300\" src=\"https:\/\/fv-plittersdorf.de\/wp-content\/uploads\/2022\/09\/Scharer-D-200x300.jpg\" alt=\"\" class=\"wp-image-531\" srcset=\"https:\/\/fv-plittersdorf.de\/wp-content\/uploads\/2022\/09\/Scharer-D-200x300.jpg 200w, https:\/\/fv-plittersdorf.de\/wp-content\/uploads\/2022\/09\/Scharer-D.jpg 640w\" sizes=\"auto, (max-width: 200px) 100vw, 200px\" \/><\/a><\/figure>\n<\/div>","protected":false},"excerpt":{"rendered":"<p>Liebe Freunde des runden Leders,liebe Vereinsmitglieder und Fans unseres FVP, sch\u00f6n, dass Sie auf ihrer Reise durchs World Wide Web auch den Weg zu unserer Vereinshomepage gefunden haben. Auf den folgenden Seiten wollen wir den FV Germania Plittersdorf der \u00d6ffentlichkeit ein wenig n\u00e4her vorstellen. Unser Verein blickt inzwischen auf eine \u00fcber 90-j\u00e4hrige Geschichte zur\u00fcck. Gepr\u00e4gt [&hellip;]<\/p>\n","protected":false},"author":1,"featured_media":0,"parent":17,"menu_order":1,"comment_status":"closed","ping_status":"closed","template":"","meta":{"footnotes":""},"class_list":["post-230","page","type-page","status-publish","czr-hentry"],"_links":{"self":[{"href":"https:\/\/fv-plittersdorf.de\/index.php\/wp-json\/wp\/v2\/pages\/230","targetHints":{"allow":["GET"]}}],"collection":[{"href":"https:\/\/fv-plittersdorf.de\/index.php\/wp-json\/wp\/v2\/pages"}],"about":[{"href":"https:\/\/fv-plittersdorf.de\/index.php\/wp-json\/wp\/v2\/types\/page"}],"author":[{"embeddable":true,"href":"https:\/\/fv-plittersdorf.de\/index.php\/wp-json\/wp\/v2\/users\/1"}],"replies":[{"embeddable":true,"href":"https:\/\/fv-plittersdorf.de\/index.php\/wp-json\/wp\/v2\/comments?post=230"}],"version-history":[{"count":2,"href":"https:\/\/fv-plittersdorf.de\/index.php\/wp-json\/wp\/v2\/pages\/230\/revisions"}],"predecessor-version":[{"id":532,"href":"https:\/\/fv-plittersdorf.de\/index.php\/wp-json\/wp\/v2\/pages\/230\/revisions\/532"}],"up":[{"embeddable":true,"href":"https:\/\/fv-plittersdorf.de\/index.php\/wp-json\/wp\/v2\/pages\/17"}],"wp:attachment":[{"href":"https:\/\/fv-plittersdorf.de\/index.php\/wp-json\/wp\/v2\/media?parent=230"}],"curies":[{"name":"wp","href":"https:\/\/api.w.org\/{rel}","templated":true}]}}