{"id":210,"date":"2022-09-17T08:09:02","date_gmt":"2022-09-17T08:09:02","guid":{"rendered":"https:\/\/fv-plittersdorf.de\/?page_id=210"},"modified":"2025-05-13T18:41:10","modified_gmt":"2025-05-13T18:41:10","slug":"mitglied-werden","status":"publish","type":"page","link":"https:\/\/fv-plittersdorf.de\/index.php\/verein\/mitglied-werden\/","title":{"rendered":"Mitglied werden"},"content":{"rendered":"\n<p>Sie wollen sich regelm\u00e4\u00dfig sportlich bet\u00e4tigen? Zum Beispiel in unserer AH-Abteilung! Ihr Nachwuchs will seinen Vorbildern aus der Bundesliga nacheifern? Vielleicht in einer der Juniorenmannschaften des FVP!<\/p>\n\n\n\n<p>Dann sollten Sie oder ihre Kinder Mitglied beim FVP werden. Kontaktieren Sie doch einfach einen unserer <a href=\"https:\/\/fv-plittersdorf.de\/index.php\/kontakt-datenschutz\/ansprechpartner\/\" data-type=\"page\" data-id=\"182\">Ansprechpartner aus der Vorstandschaft<\/a> oder nutzen Sie das <a href=\"https:\/\/fv-plittersdorf.de\/index.php\/kontakt-datenschutz\/kontaktformular\/\" data-type=\"page\" data-id=\"180\">Kontaktformular<\/a> auf der Homepage.<\/p>\n\n\n\n<p>Unsere Beitrittserkl\u00e4rung k\u00f6nnen Sie auch direkt herunterladen. <a href=\"https:\/\/fv-plittersdorf.de\/wp-content\/uploads\/2025\/05\/FVP_Aufnahmeantrag_FINAL_2025.pdf\" data-type=\"link\" data-id=\"https:\/\/fv-plittersdorf.de\/wp-content\/uploads\/2025\/04\/FVP_Aufnahmeantrag_FINAL_2025.pdf\" target=\"_blank\" rel=\"noreferrer noopener\">Einfach hier klicken (Link folgen)<\/a>.<\/p>\n\n\n\n<p>Schon vorab die Informationen zu unseren Mitgliedsbeitr\u00e4gen:<\/p>\n\n\n\n<ul class=\"wp-block-list\">\n<li>Erwachsene (ab 18 Jahren): 80 \u20ac<\/li>\n\n\n\n<li>1. Kind einer Familie: 55 \u20ac (ab 01.01.2026: 65 \u20ac)<\/li>\n\n\n\n<li>2. Kind einer Familie: 40 \u20ac (ab 01.01.2026: 50 \u20ac)<\/li>\n\n\n\n<li>alle weiteren Kinder einer Familie: beitragsfrei<\/li>\n\n\n\n<li>passive Mitgliedschaft f\u00fcr Kinder und Jugendliche (j\u00fcnger 18 Jahre): 10 \u20ac<\/li>\n<\/ul>\n\n\n\n<p>Der FV Germania Plittersdorf w\u00fcrde sich freuen, Sie im Verein begr\u00fc\u00dfen zu d\u00fcrfen.<\/p>\n","protected":false},"excerpt":{"rendered":"<p>Sie wollen sich regelm\u00e4\u00dfig sportlich bet\u00e4tigen? Zum Beispiel in unserer AH-Abteilung! Ihr Nachwuchs will seinen Vorbildern aus der Bundesliga nacheifern? Vielleicht in einer der Juniorenmannschaften des FVP! Dann sollten Sie oder ihre Kinder Mitglied beim FVP werden. Kontaktieren Sie doch einfach einen unserer Ansprechpartner aus der Vorstandschaft oder nutzen Sie das Kontaktformular auf der Homepage. [&hellip;]<\/p>\n","protected":false},"author":1,"featured_media":0,"parent":116,"menu_order":0,"comment_status":"closed","ping_status":"closed","template":"","meta":{"footnotes":""},"class_list":["post-210","page","type-page","status-publish","czr-hentry"],"_links":{"self":[{"href":"https:\/\/fv-plittersdorf.de\/index.php\/wp-json\/wp\/v2\/pages\/210","targetHints":{"allow":["GET"]}}],"collection":[{"href":"https:\/\/fv-plittersdorf.de\/index.php\/wp-json\/wp\/v2\/pages"}],"about":[{"href":"https:\/\/fv-plittersdorf.de\/index.php\/wp-json\/wp\/v2\/types\/page"}],"author":[{"embeddable":true,"href":"https:\/\/fv-plittersdorf.de\/index.php\/wp-json\/wp\/v2\/users\/1"}],"replies":[{"embeddable":true,"href":"https:\/\/fv-plittersdorf.de\/index.php\/wp-json\/wp\/v2\/comments?post=210"}],"version-history":[{"count":7,"href":"https:\/\/fv-plittersdorf.de\/index.php\/wp-json\/wp\/v2\/pages\/210\/revisions"}],"predecessor-version":[{"id":4022,"href":"https:\/\/fv-plittersdorf.de\/index.php\/wp-json\/wp\/v2\/pages\/210\/revisions\/4022"}],"up":[{"embeddable":true,"href":"https:\/\/fv-plittersdorf.de\/index.php\/wp-json\/wp\/v2\/pages\/116"}],"wp:attachment":[{"href":"https:\/\/fv-plittersdorf.de\/index.php\/wp-json\/wp\/v2\/media?parent=210"}],"curies":[{"name":"wp","href":"https:\/\/api.w.org\/{rel}","templated":true}]}}