{"id":182,"date":"2022-09-17T07:56:19","date_gmt":"2022-09-17T07:56:19","guid":{"rendered":"https:\/\/fv-plittersdorf.de\/?page_id=182"},"modified":"2026-01-17T21:11:43","modified_gmt":"2026-01-17T21:11:43","slug":"ansprechpartner","status":"publish","type":"page","link":"https:\/\/fv-plittersdorf.de\/index.php\/kontakt-datenschutz\/ansprechpartner\/","title":{"rendered":"Ansprechpartner"},"content":{"rendered":"\n<h5 class=\"wp-block-heading\">Postanschrift:<\/h5>\n\n\n\n<p>FV Germania Plittersdorf e.V.<br>Daniel Sch\u00e4fer<br>Kleinw\u00e4ldelestra\u00dfe 8<br>76437 Rastatt<\/p>\n\n\n\n<h5 class=\"wp-block-heading\">Clubhaus im Binsenfeld:<\/h5>\n\n\n\n<p>Clubhaus FV Germania Plittersdorf<br>Im Binsenfeld<br>76437 Rastatt<br>Telefon: 07222\/28906<\/p>\n\n\n\n<p><em>f\u00fcr Fragen zur Vermietung des Clubhaus:<\/em><\/p>\n\n\n\n<p>Christine Jung<\/p>\n\n\n\n<h5 class=\"wp-block-heading\">Jugendabteilung:<\/h5>\n\n\n\n<p>Sabine Gro\u00df<br>Schriftf\u00fchrerin Jugend\/\u00d6ffentlichkeitsarbeit<br>Lammstr. 32<br>76437 Rastatt<\/p>\n\n\n\n<p><em>Hinweis: Die Kontaktdaten der Jugendtrainer sowie der verantwortlichen Jugendverwaltung finden Sie auf den <\/em><a href=\"https:\/\/fv-plittersdorf.de\/index.php\/jugendabteilung\/\" data-type=\"page\" data-id=\"114\"><em>Homepage-Seiten der Juniorenmannschaften<\/em>.<\/a><\/p>\n\n\n\n<h5 class=\"wp-block-heading\">Werbung und Sponsoring:<\/h5>\n\n\n\n<p>Mario Riel &amp; Marius Glatt<\/p>\n","protected":false},"excerpt":{"rendered":"<p>Postanschrift: FV Germania Plittersdorf e.V.Daniel Sch\u00e4ferKleinw\u00e4ldelestra\u00dfe 876437 Rastatt Clubhaus im Binsenfeld: Clubhaus FV Germania PlittersdorfIm Binsenfeld76437 RastattTelefon: 07222\/28906 f\u00fcr Fragen zur Vermietung des Clubhaus: Christine Jung Jugendabteilung: Sabine Gro\u00dfSchriftf\u00fchrerin Jugend\/\u00d6ffentlichkeitsarbeitLammstr. 3276437 Rastatt Hinweis: Die Kontaktdaten der Jugendtrainer sowie der verantwortlichen Jugendverwaltung finden Sie auf den Homepage-Seiten der Juniorenmannschaften. Werbung und Sponsoring: Mario Riel &amp; Marius [&hellip;]<\/p>\n","protected":false},"author":1,"featured_media":0,"parent":110,"menu_order":2,"comment_status":"closed","ping_status":"closed","template":"","meta":{"footnotes":""},"class_list":["post-182","page","type-page","status-publish","czr-hentry"],"_links":{"self":[{"href":"https:\/\/fv-plittersdorf.de\/index.php\/wp-json\/wp\/v2\/pages\/182","targetHints":{"allow":["GET"]}}],"collection":[{"href":"https:\/\/fv-plittersdorf.de\/index.php\/wp-json\/wp\/v2\/pages"}],"about":[{"href":"https:\/\/fv-plittersdorf.de\/index.php\/wp-json\/wp\/v2\/types\/page"}],"author":[{"embeddable":true,"href":"https:\/\/fv-plittersdorf.de\/index.php\/wp-json\/wp\/v2\/users\/1"}],"replies":[{"embeddable":true,"href":"https:\/\/fv-plittersdorf.de\/index.php\/wp-json\/wp\/v2\/comments?post=182"}],"version-history":[{"count":9,"href":"https:\/\/fv-plittersdorf.de\/index.php\/wp-json\/wp\/v2\/pages\/182\/revisions"}],"predecessor-version":[{"id":5152,"href":"https:\/\/fv-plittersdorf.de\/index.php\/wp-json\/wp\/v2\/pages\/182\/revisions\/5152"}],"up":[{"embeddable":true,"href":"https:\/\/fv-plittersdorf.de\/index.php\/wp-json\/wp\/v2\/pages\/110"}],"wp:attachment":[{"href":"https:\/\/fv-plittersdorf.de\/index.php\/wp-json\/wp\/v2\/media?parent=182"}],"curies":[{"name":"wp","href":"https:\/\/api.w.org\/{rel}","templated":true}]}}