{"id":149,"date":"2022-09-17T07:43:23","date_gmt":"2022-09-17T07:43:23","guid":{"rendered":"https:\/\/fv-plittersdorf.de\/?page_id=149"},"modified":"2026-01-17T20:34:18","modified_gmt":"2026-01-17T20:34:18","slug":"jugendtrainer","status":"publish","type":"page","link":"https:\/\/fv-plittersdorf.de\/index.php\/jugendabteilung\/jugendtrainer\/","title":{"rendered":"Jugendtrainer"},"content":{"rendered":"\n<p>Von den Bambini (ab 5 Jahren) bis zu den D-Junioren sowie bei den C-Juniorinnen stellen wir eigene Mannschaften, bei den C- bis A-Junioren bilden wir mit dem&nbsp;<a href=\"https:\/\/www.fvsteinmauern.com\/\" target=\"_blank\" rel=\"noreferrer noopener\">FV Steinmauern<\/a>&nbsp;und dem&nbsp;<a href=\"https:\/\/fv-oetigheim.de\/\" data-type=\"link\" data-id=\"https:\/\/fv-oetigheim.de\/\" target=\"_blank\" rel=\"noreferrer noopener\">FV \u00d6tigheim<\/a> Spielgemeinschaften. Folgende Trainer des FV Plittersdorf trainieren unsere Jugendmannschaften:<\/p>\n\n\n\n<ul class=\"wp-block-list\">\n<li><strong>A-Junioren:<\/strong> Chris Hirth<\/li>\n\n\n\n<li><strong>C1-Juniorinnen:<\/strong> Lara Wichmann, Christiane und Ralf Re\u00dfel<\/li>\n\n\n\n<li><strong>D-Junioren:<\/strong> Stefan Oberle, Torsten Gm\u00fcnd, Tobias Meisch, Sabine Gross (Koordinatorin)<\/li>\n\n\n\n<li><strong>E-Junioren:<\/strong> Marco Schween, Mirian Prado Rivera, Bedri Ala<\/li>\n\n\n\n<li><strong>F-Junioren:<\/strong> Christoph Reichenbach, Tobias Gross (Koordinator)<\/li>\n\n\n\n<li><strong>G-Junioren:<\/strong> Agnes Holzapfel, Heike Graf, Jonas Maisch, Kirsten Gm\u00fcnd (Koordinatorin)<\/li>\n\n\n\n<li><strong>Torwarttraining:<\/strong> Vera Kawka<\/li>\n<\/ul>\n\n\n\n<p class=\"has-black-color has-text-color\">Alle weiteren Trainer bei den m\u00e4nnlichen A- bis C-Junioren werden von unseren Partnervereinen aus Steinmauern und \u00d6tigheim gestellt. Eine detaillierte \u00dcbersicht \u00fcber die Kontaktdaten der Trainer jeder Mannschaft finden sie auch in unserem <a href=\"https:\/\/fv-plittersdorf.de\/wp-content\/uploads\/2025\/07\/FVP_Organigramm-2025_2026_Jugend_30062025.pdf\" data-type=\"link\" data-id=\"https:\/\/fv-plittersdorf.de\/wp-content\/uploads\/2025\/07\/FVP_Organigramm-2025_2026_Jugend_30062025.pdf\" target=\"_blank\" rel=\"noreferrer noopener\">Organigramm f\u00fcr die Saison 2025\/2026<\/a> (Stand: 30. Juni 2025).<\/p>\n\n\n\n<p><\/p>\n","protected":false},"excerpt":{"rendered":"<p>Von den Bambini (ab 5 Jahren) bis zu den D-Junioren sowie bei den C-Juniorinnen stellen wir eigene Mannschaften, bei den C- bis A-Junioren bilden wir mit dem&nbsp;FV Steinmauern&nbsp;und dem&nbsp;FV \u00d6tigheim Spielgemeinschaften. Folgende Trainer des FV Plittersdorf trainieren unsere Jugendmannschaften: Alle weiteren Trainer bei den m\u00e4nnlichen A- bis C-Junioren werden von unseren Partnervereinen aus Steinmauern und [&hellip;]<\/p>\n","protected":false},"author":1,"featured_media":0,"parent":114,"menu_order":2,"comment_status":"closed","ping_status":"closed","template":"","meta":{"footnotes":""},"class_list":["post-149","page","type-page","status-publish","czr-hentry"],"_links":{"self":[{"href":"https:\/\/fv-plittersdorf.de\/index.php\/wp-json\/wp\/v2\/pages\/149","targetHints":{"allow":["GET"]}}],"collection":[{"href":"https:\/\/fv-plittersdorf.de\/index.php\/wp-json\/wp\/v2\/pages"}],"about":[{"href":"https:\/\/fv-plittersdorf.de\/index.php\/wp-json\/wp\/v2\/types\/page"}],"author":[{"embeddable":true,"href":"https:\/\/fv-plittersdorf.de\/index.php\/wp-json\/wp\/v2\/users\/1"}],"replies":[{"embeddable":true,"href":"https:\/\/fv-plittersdorf.de\/index.php\/wp-json\/wp\/v2\/comments?post=149"}],"version-history":[{"count":11,"href":"https:\/\/fv-plittersdorf.de\/index.php\/wp-json\/wp\/v2\/pages\/149\/revisions"}],"predecessor-version":[{"id":5145,"href":"https:\/\/fv-plittersdorf.de\/index.php\/wp-json\/wp\/v2\/pages\/149\/revisions\/5145"}],"up":[{"embeddable":true,"href":"https:\/\/fv-plittersdorf.de\/index.php\/wp-json\/wp\/v2\/pages\/114"}],"wp:attachment":[{"href":"https:\/\/fv-plittersdorf.de\/index.php\/wp-json\/wp\/v2\/media?parent=149"}],"curies":[{"name":"wp","href":"https:\/\/api.w.org\/{rel}","templated":true}]}}